{"id":12,"date":"2021-04-20T13:36:44","date_gmt":"2021-04-20T13:36:44","guid":{"rendered":"http:\/\/villadrossa.com\/?page_id=12"},"modified":"2024-09-07T09:57:41","modified_gmt":"2024-09-07T09:57:41","slug":"la-villa","status":"publish","type":"page","link":"https:\/\/villadrossa.com\/de\/la-villa","title":{"rendered":"Die Villa"},"content":{"rendered":"","protected":false},"excerpt":{"rendered":"","protected":false},"author":1,"featured_media":2934,"parent":0,"menu_order":0,"comment_status":"closed","ping_status":"closed","template":"","meta":{"footnotes":""},"class_list":["post-12","page","type-page","status-publish","has-post-thumbnail","czr-hentry"],"yoast_head":"<!-- This site is optimized with the Yoast SEO plugin v27.4 - https:\/\/yoast.com\/product\/yoast-seo-wordpress\/ -->\n<title>Villa Drossa - Location de vacances &#8226; Location saisonni\u00e8re haut de gamme dans les alpilles<\/title>\n<meta name=\"description\" content=\"Villa Drossa - Location de vacances &#8226; location saisonni\u00e8re haut de gamme dans les alpilles &#8226; Piscine, salle de sport, terrain multisport...\" \/>\n<meta name=\"robots\" content=\"index, follow, max-snippet:-1, max-image-preview:large, max-video-preview:-1\" \/>\n<link rel=\"canonical\" href=\"https:\/\/villadrossa.com\/de\/la-villa\/\" \/>\n<meta property=\"og:locale\" content=\"de_DE\" \/>\n<meta property=\"og:type\" content=\"article\" \/>\n<meta property=\"og:title\" content=\"Villa Drossa - Location de vacances &#8226; Location saisonni\u00e8re haut de gamme dans les alpilles\" \/>\n<meta property=\"og:description\" content=\"Villa Drossa - Location de vacances &#8226; location saisonni\u00e8re haut de gamme dans les alpilles &#8226; Piscine, salle de sport, terrain multisport...\" \/>\n<meta property=\"og:url\" content=\"https:\/\/villadrossa.com\/de\/la-villa\/\" \/>\n<meta property=\"og:site_name\" content=\"Villa Drossa - Location de vacances\" \/>\n<meta property=\"article:publisher\" content=\"https:\/\/www.facebook.com\/search\/top?q=villa%20drossa\" \/>\n<meta property=\"article:modified_time\" content=\"2024-09-07T09:57:41+00:00\" \/>\n<meta property=\"og:image\" content=\"https:\/\/villadrossa.com\/wp-content\/uploads\/2024\/09\/Piscine-2-scaled.jpg\" \/>\n\t<meta property=\"og:image:width\" content=\"2560\" \/>\n\t<meta property=\"og:image:height\" content=\"1707\" \/>\n\t<meta property=\"og:image:type\" content=\"image\/jpeg\" \/>\n<meta name=\"twitter:card\" content=\"summary_large_image\" \/>\n<meta name=\"twitter:label1\" content=\"Gesch\u00e4tzte Lesezeit\" \/>\n\t<meta name=\"twitter:data1\" content=\"20\u00a0Minuten\" \/>\n<script type=\"application\/ld+json\" class=\"yoast-schema-graph\">{\"@context\":\"https:\\\/\\\/schema.org\",\"@graph\":[{\"@type\":[\"WebPage\",\"SearchResultsPage\"],\"@id\":\"https:\\\/\\\/villadrossa.com\\\/la-villa\",\"url\":\"https:\\\/\\\/villadrossa.com\\\/la-villa\",\"name\":\"Villa Drossa - Location de vacances &#8226; Location saisonni\u00e8re haut de gamme dans les alpilles\",\"isPartOf\":{\"@id\":\"https:\\\/\\\/villadrossa.com\\\/#website\"},\"primaryImageOfPage\":{\"@id\":\"https:\\\/\\\/villadrossa.com\\\/la-villa#primaryimage\"},\"image\":{\"@id\":\"https:\\\/\\\/villadrossa.com\\\/la-villa#primaryimage\"},\"thumbnailUrl\":\"https:\\\/\\\/villadrossa.com\\\/wp-content\\\/uploads\\\/2024\\\/09\\\/Piscine-2-scaled.jpg\",\"datePublished\":\"2021-04-20T13:36:44+00:00\",\"dateModified\":\"2024-09-07T09:57:41+00:00\",\"description\":\"Villa Drossa - Location de vacances &#8226; location saisonni\u00e8re haut de gamme dans les alpilles &#8226; Piscine, salle de sport, terrain multisport...\",\"breadcrumb\":{\"@id\":\"https:\\\/\\\/villadrossa.com\\\/la-villa#breadcrumb\"},\"inLanguage\":\"de\",\"potentialAction\":[{\"@type\":\"ReadAction\",\"target\":[\"https:\\\/\\\/villadrossa.com\\\/la-villa\"]}]},{\"@type\":\"ImageObject\",\"inLanguage\":\"de\",\"@id\":\"https:\\\/\\\/villadrossa.com\\\/la-villa#primaryimage\",\"url\":\"https:\\\/\\\/villadrossa.com\\\/wp-content\\\/uploads\\\/2024\\\/09\\\/Piscine-2-scaled.jpg\",\"contentUrl\":\"https:\\\/\\\/villadrossa.com\\\/wp-content\\\/uploads\\\/2024\\\/09\\\/Piscine-2-scaled.jpg\",\"width\":2560,\"height\":1707},{\"@type\":\"BreadcrumbList\",\"@id\":\"https:\\\/\\\/villadrossa.com\\\/la-villa#breadcrumb\",\"itemListElement\":[{\"@type\":\"ListItem\",\"position\":1,\"name\":\"Accueil\",\"item\":\"https:\\\/\\\/villadrossa.com\\\/\"},{\"@type\":\"ListItem\",\"position\":2,\"name\":\"La Villa\"}]},{\"@type\":\"WebSite\",\"@id\":\"https:\\\/\\\/villadrossa.com\\\/#website\",\"url\":\"https:\\\/\\\/villadrossa.com\\\/\",\"name\":\"Villa Drossa - Location de vacances\",\"description\":\"Location saisonni\u00e8re \u00e0 Saint-R\u00e9my de Provence\",\"publisher\":{\"@id\":\"https:\\\/\\\/villadrossa.com\\\/#organization\"},\"potentialAction\":[{\"@type\":\"SearchAction\",\"target\":{\"@type\":\"EntryPoint\",\"urlTemplate\":\"https:\\\/\\\/villadrossa.com\\\/?s={search_term_string}\"},\"query-input\":{\"@type\":\"PropertyValueSpecification\",\"valueRequired\":true,\"valueName\":\"search_term_string\"}}],\"inLanguage\":\"de\"},{\"@type\":\"Organization\",\"@id\":\"https:\\\/\\\/villadrossa.com\\\/#organization\",\"name\":\"Villa Drossa\",\"url\":\"https:\\\/\\\/villadrossa.com\\\/\",\"logo\":{\"@type\":\"ImageObject\",\"inLanguage\":\"de\",\"@id\":\"https:\\\/\\\/villadrossa.com\\\/#\\\/schema\\\/logo\\\/image\\\/\",\"url\":\"https:\\\/\\\/villadrossa.com\\\/wp-content\\\/uploads\\\/2021\\\/05\\\/Logo-Villa-Drossa-vectorise.png\",\"contentUrl\":\"https:\\\/\\\/villadrossa.com\\\/wp-content\\\/uploads\\\/2021\\\/05\\\/Logo-Villa-Drossa-vectorise.png\",\"width\":417,\"height\":290,\"caption\":\"Villa Drossa\"},\"image\":{\"@id\":\"https:\\\/\\\/villadrossa.com\\\/#\\\/schema\\\/logo\\\/image\\\/\"},\"sameAs\":[\"https:\\\/\\\/www.facebook.com\\\/search\\\/top?q=villa drossa\",\"https:\\\/\\\/www.instagram.com\\\/villa_drossa\\\/\",\"https:\\\/\\\/www.youtube.com\\\/watch?v=KYQe36vpk_Q\"]}]}<\/script>\n<!-- \/ Yoast SEO plugin. -->","yoast_head_json":{"title":"Villa Drossa - Ferienvermietung - Hochwertige saisonale Vermietung in den Alpen","description":"Villa Drossa - Ferienvermietung - gehobene saisonale Vermietung in den Alpilles - Schwimmbad, Fitnessraum, Multisportplatz...","robots":{"index":"index","follow":"follow","max-snippet":"max-snippet:-1","max-image-preview":"max-image-preview:large","max-video-preview":"max-video-preview:-1"},"canonical":"https:\/\/villadrossa.com\/de\/la-villa\/","og_locale":"de_DE","og_type":"article","og_title":"Villa Drossa - Location de vacances &#8226; Location saisonni\u00e8re haut de gamme dans les alpilles","og_description":"Villa Drossa - Location de vacances &#8226; location saisonni\u00e8re haut de gamme dans les alpilles &#8226; Piscine, salle de sport, terrain multisport...","og_url":"https:\/\/villadrossa.com\/de\/la-villa\/","og_site_name":"Villa Drossa - Location de vacances","article_publisher":"https:\/\/www.facebook.com\/search\/top?q=villa%20drossa","article_modified_time":"2024-09-07T09:57:41+00:00","og_image":[{"width":2560,"height":1707,"url":"https:\/\/villadrossa.com\/wp-content\/uploads\/2024\/09\/Piscine-2-scaled.jpg","type":"image\/jpeg"}],"twitter_card":"summary_large_image","twitter_misc":{"Gesch\u00e4tzte Lesezeit":"20\u00a0Minuten"},"schema":{"@context":"https:\/\/schema.org","@graph":[{"@type":["WebPage","SearchResultsPage"],"@id":"https:\/\/villadrossa.com\/la-villa","url":"https:\/\/villadrossa.com\/la-villa","name":"Villa Drossa - Ferienvermietung - Hochwertige saisonale Vermietung in den Alpen","isPartOf":{"@id":"https:\/\/villadrossa.com\/#website"},"primaryImageOfPage":{"@id":"https:\/\/villadrossa.com\/la-villa#primaryimage"},"image":{"@id":"https:\/\/villadrossa.com\/la-villa#primaryimage"},"thumbnailUrl":"https:\/\/villadrossa.com\/wp-content\/uploads\/2024\/09\/Piscine-2-scaled.jpg","datePublished":"2021-04-20T13:36:44+00:00","dateModified":"2024-09-07T09:57:41+00:00","description":"Villa Drossa - Ferienvermietung - gehobene saisonale Vermietung in den Alpilles - Schwimmbad, Fitnessraum, Multisportplatz...","breadcrumb":{"@id":"https:\/\/villadrossa.com\/la-villa#breadcrumb"},"inLanguage":"de","potentialAction":[{"@type":"ReadAction","target":["https:\/\/villadrossa.com\/la-villa"]}]},{"@type":"ImageObject","inLanguage":"de","@id":"https:\/\/villadrossa.com\/la-villa#primaryimage","url":"https:\/\/villadrossa.com\/wp-content\/uploads\/2024\/09\/Piscine-2-scaled.jpg","contentUrl":"https:\/\/villadrossa.com\/wp-content\/uploads\/2024\/09\/Piscine-2-scaled.jpg","width":2560,"height":1707},{"@type":"BreadcrumbList","@id":"https:\/\/villadrossa.com\/la-villa#breadcrumb","itemListElement":[{"@type":"ListItem","position":1,"name":"Accueil","item":"https:\/\/villadrossa.com\/"},{"@type":"ListItem","position":2,"name":"La Villa"}]},{"@type":"WebSite","@id":"https:\/\/villadrossa.com\/#website","url":"https:\/\/villadrossa.com\/","name":"Villa Drossa - Ferienvermietung","description":"Saisonvermietungen in Saint-R\u00e9my de Provence","publisher":{"@id":"https:\/\/villadrossa.com\/#organization"},"potentialAction":[{"@type":"SearchAction","target":{"@type":"EntryPoint","urlTemplate":"https:\/\/villadrossa.com\/?s={search_term_string}"},"query-input":{"@type":"PropertyValueSpecification","valueRequired":true,"valueName":"search_term_string"}}],"inLanguage":"de"},{"@type":"Organization","@id":"https:\/\/villadrossa.com\/#organization","name":"Villa Drossa","url":"https:\/\/villadrossa.com\/","logo":{"@type":"ImageObject","inLanguage":"de","@id":"https:\/\/villadrossa.com\/#\/schema\/logo\/image\/","url":"https:\/\/villadrossa.com\/wp-content\/uploads\/2021\/05\/Logo-Villa-Drossa-vectorise.png","contentUrl":"https:\/\/villadrossa.com\/wp-content\/uploads\/2021\/05\/Logo-Villa-Drossa-vectorise.png","width":417,"height":290,"caption":"Villa Drossa"},"image":{"@id":"https:\/\/villadrossa.com\/#\/schema\/logo\/image\/"},"sameAs":["https:\/\/www.facebook.com\/search\/top?q=villa drossa","https:\/\/www.instagram.com\/villa_drossa\/","https:\/\/www.youtube.com\/watch?v=KYQe36vpk_Q"]}]}},"_links":{"self":[{"href":"https:\/\/villadrossa.com\/de\/wp-json\/wp\/v2\/pages\/12","targetHints":{"allow":["GET"]}}],"collection":[{"href":"https:\/\/villadrossa.com\/de\/wp-json\/wp\/v2\/pages"}],"about":[{"href":"https:\/\/villadrossa.com\/de\/wp-json\/wp\/v2\/types\/page"}],"author":[{"embeddable":true,"href":"https:\/\/villadrossa.com\/de\/wp-json\/wp\/v2\/users\/1"}],"replies":[{"embeddable":true,"href":"https:\/\/villadrossa.com\/de\/wp-json\/wp\/v2\/comments?post=12"}],"version-history":[{"count":3,"href":"https:\/\/villadrossa.com\/de\/wp-json\/wp\/v2\/pages\/12\/revisions"}],"predecessor-version":[{"id":878,"href":"https:\/\/villadrossa.com\/de\/wp-json\/wp\/v2\/pages\/12\/revisions\/878"}],"wp:featuredmedia":[{"embeddable":true,"href":"https:\/\/villadrossa.com\/de\/wp-json\/wp\/v2\/media\/2934"}],"wp:attachment":[{"href":"https:\/\/villadrossa.com\/de\/wp-json\/wp\/v2\/media?parent=12"}],"curies":[{"name":"wp","href":"https:\/\/api.w.org\/{rel}","templated":true}]}}