{"id":14,"date":"2021-04-20T13:36:55","date_gmt":"2021-04-20T13:36:55","guid":{"rendered":"http:\/\/villadrossa.com\/?page_id=14"},"modified":"2024-09-07T09:58:06","modified_gmt":"2024-09-07T09:58:06","slug":"services-conciergerie","status":"publish","type":"page","link":"https:\/\/villadrossa.com\/en\/services-concierge","title":{"rendered":"Living &amp; eating"},"content":{"rendered":"","protected":false},"excerpt":{"rendered":"","protected":false},"author":1,"featured_media":2627,"parent":0,"menu_order":0,"comment_status":"closed","ping_status":"closed","template":"","meta":{"footnotes":""},"class_list":["post-14","page","type-page","status-publish","has-post-thumbnail","czr-hentry"],"yoast_head":"<!-- This site is optimized with the Yoast SEO plugin v27.4 - https:\/\/yoast.com\/product\/yoast-seo-wordpress\/ -->\n<title>Vivre &amp; manger &#8226; Villa Drossa - Location de vacances \u00e0 Saint-R\u00e9my de Provence<\/title>\n<meta name=\"description\" content=\"D\u00e9couvrez tous les Vivre &amp; manger disponibles pendant votre s\u00e9jour &#8226; Villa Drossa - Location de vacances au pied des Alpilles \u00e0 Saint-R\u00e9my\" \/>\n<meta name=\"robots\" content=\"index, follow, max-snippet:-1, max-image-preview:large, max-video-preview:-1\" \/>\n<link rel=\"canonical\" href=\"https:\/\/villadrossa.com\/en\/services-concierge\/\" \/>\n<meta property=\"og:locale\" content=\"en_GB\" \/>\n<meta property=\"og:type\" content=\"article\" \/>\n<meta property=\"og:title\" content=\"Vivre &amp; manger &#8226; Villa Drossa - Location de vacances \u00e0 Saint-R\u00e9my de Provence\" \/>\n<meta property=\"og:description\" content=\"D\u00e9couvrez tous les Vivre &amp; manger disponibles pendant votre s\u00e9jour &#8226; Villa Drossa - Location de vacances au pied des Alpilles \u00e0 Saint-R\u00e9my\" \/>\n<meta property=\"og:url\" content=\"https:\/\/villadrossa.com\/en\/services-concierge\/\" \/>\n<meta property=\"og:site_name\" content=\"Villa Drossa - Location de vacances\" \/>\n<meta property=\"article:publisher\" content=\"https:\/\/www.facebook.com\/search\/top?q=villa%20drossa\" \/>\n<meta property=\"article:modified_time\" content=\"2024-09-07T09:58:06+00:00\" \/>\n<meta property=\"og:image\" content=\"https:\/\/villadrossa.com\/wp-content\/uploads\/2021\/07\/Bistrot-de-saint-remy_LE_auto_x2.jpeg\" \/>\n\t<meta property=\"og:image:width\" content=\"1920\" \/>\n\t<meta property=\"og:image:height\" content=\"1440\" \/>\n\t<meta property=\"og:image:type\" content=\"image\/jpeg\" \/>\n<meta name=\"twitter:card\" content=\"summary_large_image\" \/>\n<meta name=\"twitter:label1\" content=\"Estimated reading time\" \/>\n\t<meta name=\"twitter:data1\" content=\"2 minutes\" \/>\n<script type=\"application\/ld+json\" class=\"yoast-schema-graph\">{\"@context\":\"https:\\\/\\\/schema.org\",\"@graph\":[{\"@type\":\"WebPage\",\"@id\":\"https:\\\/\\\/villadrossa.com\\\/services-conciergerie\",\"url\":\"https:\\\/\\\/villadrossa.com\\\/services-conciergerie\",\"name\":\"Vivre & manger &#8226; Villa Drossa - Location de vacances \u00e0 Saint-R\u00e9my de Provence\",\"isPartOf\":{\"@id\":\"https:\\\/\\\/villadrossa.com\\\/#website\"},\"primaryImageOfPage\":{\"@id\":\"https:\\\/\\\/villadrossa.com\\\/services-conciergerie#primaryimage\"},\"image\":{\"@id\":\"https:\\\/\\\/villadrossa.com\\\/services-conciergerie#primaryimage\"},\"thumbnailUrl\":\"https:\\\/\\\/villadrossa.com\\\/wp-content\\\/uploads\\\/2021\\\/07\\\/Bistrot-de-saint-remy_LE_auto_x2.jpeg\",\"datePublished\":\"2021-04-20T13:36:55+00:00\",\"dateModified\":\"2024-09-07T09:58:06+00:00\",\"description\":\"D\u00e9couvrez tous les Vivre & manger disponibles pendant votre s\u00e9jour &#8226; Villa Drossa - Location de vacances au pied des Alpilles \u00e0 Saint-R\u00e9my\",\"breadcrumb\":{\"@id\":\"https:\\\/\\\/villadrossa.com\\\/services-conciergerie#breadcrumb\"},\"inLanguage\":\"en-GB\",\"potentialAction\":[{\"@type\":\"ReadAction\",\"target\":[\"https:\\\/\\\/villadrossa.com\\\/services-conciergerie\"]}]},{\"@type\":\"ImageObject\",\"inLanguage\":\"en-GB\",\"@id\":\"https:\\\/\\\/villadrossa.com\\\/services-conciergerie#primaryimage\",\"url\":\"https:\\\/\\\/villadrossa.com\\\/wp-content\\\/uploads\\\/2021\\\/07\\\/Bistrot-de-saint-remy_LE_auto_x2.jpeg\",\"contentUrl\":\"https:\\\/\\\/villadrossa.com\\\/wp-content\\\/uploads\\\/2021\\\/07\\\/Bistrot-de-saint-remy_LE_auto_x2.jpeg\",\"width\":1920,\"height\":1440},{\"@type\":\"BreadcrumbList\",\"@id\":\"https:\\\/\\\/villadrossa.com\\\/services-conciergerie#breadcrumb\",\"itemListElement\":[{\"@type\":\"ListItem\",\"position\":1,\"name\":\"Accueil\",\"item\":\"https:\\\/\\\/villadrossa.com\\\/\"},{\"@type\":\"ListItem\",\"position\":2,\"name\":\"Vivre &#038; manger\"}]},{\"@type\":\"WebSite\",\"@id\":\"https:\\\/\\\/villadrossa.com\\\/#website\",\"url\":\"https:\\\/\\\/villadrossa.com\\\/\",\"name\":\"Villa Drossa - Location de vacances\",\"description\":\"Location saisonni\u00e8re \u00e0 Saint-R\u00e9my de Provence\",\"publisher\":{\"@id\":\"https:\\\/\\\/villadrossa.com\\\/#organization\"},\"potentialAction\":[{\"@type\":\"SearchAction\",\"target\":{\"@type\":\"EntryPoint\",\"urlTemplate\":\"https:\\\/\\\/villadrossa.com\\\/?s={search_term_string}\"},\"query-input\":{\"@type\":\"PropertyValueSpecification\",\"valueRequired\":true,\"valueName\":\"search_term_string\"}}],\"inLanguage\":\"en-GB\"},{\"@type\":\"Organization\",\"@id\":\"https:\\\/\\\/villadrossa.com\\\/#organization\",\"name\":\"Villa Drossa\",\"url\":\"https:\\\/\\\/villadrossa.com\\\/\",\"logo\":{\"@type\":\"ImageObject\",\"inLanguage\":\"en-GB\",\"@id\":\"https:\\\/\\\/villadrossa.com\\\/#\\\/schema\\\/logo\\\/image\\\/\",\"url\":\"https:\\\/\\\/villadrossa.com\\\/wp-content\\\/uploads\\\/2021\\\/05\\\/Logo-Villa-Drossa-vectorise.png\",\"contentUrl\":\"https:\\\/\\\/villadrossa.com\\\/wp-content\\\/uploads\\\/2021\\\/05\\\/Logo-Villa-Drossa-vectorise.png\",\"width\":417,\"height\":290,\"caption\":\"Villa Drossa\"},\"image\":{\"@id\":\"https:\\\/\\\/villadrossa.com\\\/#\\\/schema\\\/logo\\\/image\\\/\"},\"sameAs\":[\"https:\\\/\\\/www.facebook.com\\\/search\\\/top?q=villa drossa\",\"https:\\\/\\\/www.instagram.com\\\/villa_drossa\\\/\",\"https:\\\/\\\/www.youtube.com\\\/watch?v=KYQe36vpk_Q\"]}]}<\/script>\n<!-- \/ Yoast SEO plugin. -->","yoast_head_json":{"title":"Living &amp; dining - Villa Drossa - Holiday rental in Saint-R\u00e9my de Provence","description":"Discover all the Living &amp; Dining options available during your stay - Villa Drossa - Holiday rental at the foot of the Alpilles in Saint-R\u00e9my","robots":{"index":"index","follow":"follow","max-snippet":"max-snippet:-1","max-image-preview":"max-image-preview:large","max-video-preview":"max-video-preview:-1"},"canonical":"https:\/\/villadrossa.com\/en\/services-concierge\/","og_locale":"en_GB","og_type":"article","og_title":"Vivre & manger &#8226; Villa Drossa - Location de vacances \u00e0 Saint-R\u00e9my de Provence","og_description":"D\u00e9couvrez tous les Vivre & manger disponibles pendant votre s\u00e9jour &#8226; Villa Drossa - Location de vacances au pied des Alpilles \u00e0 Saint-R\u00e9my","og_url":"https:\/\/villadrossa.com\/en\/services-concierge\/","og_site_name":"Villa Drossa - Location de vacances","article_publisher":"https:\/\/www.facebook.com\/search\/top?q=villa%20drossa","article_modified_time":"2024-09-07T09:58:06+00:00","og_image":[{"width":1920,"height":1440,"url":"https:\/\/villadrossa.com\/wp-content\/uploads\/2021\/07\/Bistrot-de-saint-remy_LE_auto_x2.jpeg","type":"image\/jpeg"}],"twitter_card":"summary_large_image","twitter_misc":{"Estimated reading time":"2 minutes"},"schema":{"@context":"https:\/\/schema.org","@graph":[{"@type":"WebPage","@id":"https:\/\/villadrossa.com\/services-conciergerie","url":"https:\/\/villadrossa.com\/services-conciergerie","name":"Living &amp; dining - Villa Drossa - Holiday rental in Saint-R\u00e9my de Provence","isPartOf":{"@id":"https:\/\/villadrossa.com\/#website"},"primaryImageOfPage":{"@id":"https:\/\/villadrossa.com\/services-conciergerie#primaryimage"},"image":{"@id":"https:\/\/villadrossa.com\/services-conciergerie#primaryimage"},"thumbnailUrl":"https:\/\/villadrossa.com\/wp-content\/uploads\/2021\/07\/Bistrot-de-saint-remy_LE_auto_x2.jpeg","datePublished":"2021-04-20T13:36:55+00:00","dateModified":"2024-09-07T09:58:06+00:00","description":"Discover all the Living &amp; Dining options available during your stay - Villa Drossa - Holiday rental at the foot of the Alpilles in Saint-R\u00e9my","breadcrumb":{"@id":"https:\/\/villadrossa.com\/services-conciergerie#breadcrumb"},"inLanguage":"en-GB","potentialAction":[{"@type":"ReadAction","target":["https:\/\/villadrossa.com\/services-conciergerie"]}]},{"@type":"ImageObject","inLanguage":"en-GB","@id":"https:\/\/villadrossa.com\/services-conciergerie#primaryimage","url":"https:\/\/villadrossa.com\/wp-content\/uploads\/2021\/07\/Bistrot-de-saint-remy_LE_auto_x2.jpeg","contentUrl":"https:\/\/villadrossa.com\/wp-content\/uploads\/2021\/07\/Bistrot-de-saint-remy_LE_auto_x2.jpeg","width":1920,"height":1440},{"@type":"BreadcrumbList","@id":"https:\/\/villadrossa.com\/services-conciergerie#breadcrumb","itemListElement":[{"@type":"ListItem","position":1,"name":"Accueil","item":"https:\/\/villadrossa.com\/"},{"@type":"ListItem","position":2,"name":"Vivre &#038; manger"}]},{"@type":"WebSite","@id":"https:\/\/villadrossa.com\/#website","url":"https:\/\/villadrossa.com\/","name":"Villa Drossa - Holiday rental","description":"Seasonal rental in Saint-R\u00e9my de Provence","publisher":{"@id":"https:\/\/villadrossa.com\/#organization"},"potentialAction":[{"@type":"SearchAction","target":{"@type":"EntryPoint","urlTemplate":"https:\/\/villadrossa.com\/?s={search_term_string}"},"query-input":{"@type":"PropertyValueSpecification","valueRequired":true,"valueName":"search_term_string"}}],"inLanguage":"en-GB"},{"@type":"Organization","@id":"https:\/\/villadrossa.com\/#organization","name":"Villa Drossa","url":"https:\/\/villadrossa.com\/","logo":{"@type":"ImageObject","inLanguage":"en-GB","@id":"https:\/\/villadrossa.com\/#\/schema\/logo\/image\/","url":"https:\/\/villadrossa.com\/wp-content\/uploads\/2021\/05\/Logo-Villa-Drossa-vectorise.png","contentUrl":"https:\/\/villadrossa.com\/wp-content\/uploads\/2021\/05\/Logo-Villa-Drossa-vectorise.png","width":417,"height":290,"caption":"Villa Drossa"},"image":{"@id":"https:\/\/villadrossa.com\/#\/schema\/logo\/image\/"},"sameAs":["https:\/\/www.facebook.com\/search\/top?q=villa drossa","https:\/\/www.instagram.com\/villa_drossa\/","https:\/\/www.youtube.com\/watch?v=KYQe36vpk_Q"]}]}},"_links":{"self":[{"href":"https:\/\/villadrossa.com\/en\/wp-json\/wp\/v2\/pages\/14","targetHints":{"allow":["GET"]}}],"collection":[{"href":"https:\/\/villadrossa.com\/en\/wp-json\/wp\/v2\/pages"}],"about":[{"href":"https:\/\/villadrossa.com\/en\/wp-json\/wp\/v2\/types\/page"}],"author":[{"embeddable":true,"href":"https:\/\/villadrossa.com\/en\/wp-json\/wp\/v2\/users\/1"}],"replies":[{"embeddable":true,"href":"https:\/\/villadrossa.com\/en\/wp-json\/wp\/v2\/comments?post=14"}],"version-history":[{"count":4,"href":"https:\/\/villadrossa.com\/en\/wp-json\/wp\/v2\/pages\/14\/revisions"}],"predecessor-version":[{"id":2537,"href":"https:\/\/villadrossa.com\/en\/wp-json\/wp\/v2\/pages\/14\/revisions\/2537"}],"wp:featuredmedia":[{"embeddable":true,"href":"https:\/\/villadrossa.com\/en\/wp-json\/wp\/v2\/media\/2627"}],"wp:attachment":[{"href":"https:\/\/villadrossa.com\/en\/wp-json\/wp\/v2\/media?parent=14"}],"curies":[{"name":"wp","href":"https:\/\/api.w.org\/{rel}","templated":true}]}}