{"id":8,"date":"2021-04-20T13:36:20","date_gmt":"2021-04-20T13:36:20","guid":{"rendered":"http:\/\/villadrossa.com\/?page_id=8"},"modified":"2024-03-27T11:57:21","modified_gmt":"2024-03-27T11:57:21","slug":"villa-drossa","status":"publish","type":"page","link":"https:\/\/villadrossa.com\/nl\/","title":{"rendered":"Villa Drossa"},"content":{"rendered":"","protected":false},"excerpt":{"rendered":"","protected":false},"author":2,"featured_media":899,"parent":0,"menu_order":0,"comment_status":"closed","ping_status":"closed","template":"","meta":{"footnotes":""},"class_list":["post-8","page","type-page","status-publish","has-post-thumbnail","czr-hentry"],"yoast_head":"<!-- This site is optimized with the Yoast SEO plugin v27.4 - https:\/\/yoast.com\/product\/yoast-seo-wordpress\/ -->\n<title>Villa Drossa &#8226; Location de vacances \u00e0 Saint-R\u00e9my de Provence<\/title>\n<meta name=\"description\" content=\"Villa Drossa - Location de vacances &#8226; D\u00e9couvrez nos biens en location saisonni\u00e8re \u00e0 Saint-R\u00e9my de Provence &#8226; Conciergerie et activit\u00e9s\" \/>\n<meta name=\"robots\" content=\"index, follow, max-snippet:-1, max-image-preview:large, max-video-preview:-1\" \/>\n<link rel=\"canonical\" href=\"https:\/\/villadrossa.com\/nl\/\" \/>\n<meta property=\"og:locale\" content=\"nl_NL\" \/>\n<meta property=\"og:type\" content=\"article\" \/>\n<meta property=\"og:title\" content=\"Villa Drossa\" \/>\n<meta property=\"og:description\" content=\"Villa Drossa - Location de vacances &#8226; D\u00e9couvrez nos biens en location saisonni\u00e8re \u00e0 Saint-R\u00e9my de Provence &#8226; Conciergerie et activit\u00e9s\" \/>\n<meta property=\"og:url\" content=\"https:\/\/villadrossa.com\/nl\/\" \/>\n<meta property=\"og:site_name\" content=\"Villa Drossa - Location de vacances\" \/>\n<meta property=\"article:publisher\" content=\"https:\/\/www.facebook.com\/search\/top?q=villa%20drossa\" \/>\n<meta property=\"article:modified_time\" content=\"2024-03-27T11:57:21+00:00\" \/>\n<meta property=\"og:image\" content=\"https:\/\/villadrossa.com\/wp-content\/uploads\/2024\/03\/IMG_0680.jpg\" \/>\n\t<meta property=\"og:image:width\" content=\"1242\" \/>\n\t<meta property=\"og:image:height\" content=\"825\" \/>\n\t<meta property=\"og:image:type\" content=\"image\/jpeg\" \/>\n<meta name=\"twitter:card\" content=\"summary_large_image\" \/>\n<meta name=\"twitter:label1\" content=\"Geschatte leestijd\" \/>\n\t<meta name=\"twitter:data1\" content=\"3 minuten\" \/>\n<script type=\"application\/ld+json\" class=\"yoast-schema-graph\">{\"@context\":\"https:\\\/\\\/schema.org\",\"@graph\":[{\"@type\":\"WebPage\",\"@id\":\"https:\\\/\\\/villadrossa.com\\\/\",\"url\":\"https:\\\/\\\/villadrossa.com\\\/\",\"name\":\"Villa Drossa &#8226; Location de vacances \u00e0 Saint-R\u00e9my de Provence\",\"isPartOf\":{\"@id\":\"https:\\\/\\\/villadrossa.com\\\/#website\"},\"primaryImageOfPage\":{\"@id\":\"https:\\\/\\\/villadrossa.com\\\/#primaryimage\"},\"image\":{\"@id\":\"https:\\\/\\\/villadrossa.com\\\/#primaryimage\"},\"thumbnailUrl\":\"https:\\\/\\\/villadrossa.com\\\/wp-content\\\/uploads\\\/2021\\\/05\\\/VILLA-DROSSA-8.jpeg\",\"datePublished\":\"2021-04-20T13:36:20+00:00\",\"dateModified\":\"2024-03-27T11:57:21+00:00\",\"description\":\"Villa Drossa - Location de vacances &#8226; D\u00e9couvrez nos biens en location saisonni\u00e8re \u00e0 Saint-R\u00e9my de Provence &#8226; Conciergerie et activit\u00e9s\",\"breadcrumb\":{\"@id\":\"https:\\\/\\\/villadrossa.com\\\/#breadcrumb\"},\"inLanguage\":\"nl-NL\",\"potentialAction\":[{\"@type\":\"ReadAction\",\"target\":[\"https:\\\/\\\/villadrossa.com\\\/\"]}]},{\"@type\":\"ImageObject\",\"inLanguage\":\"nl-NL\",\"@id\":\"https:\\\/\\\/villadrossa.com\\\/#primaryimage\",\"url\":\"https:\\\/\\\/villadrossa.com\\\/wp-content\\\/uploads\\\/2021\\\/05\\\/VILLA-DROSSA-8.jpeg\",\"contentUrl\":\"https:\\\/\\\/villadrossa.com\\\/wp-content\\\/uploads\\\/2021\\\/05\\\/VILLA-DROSSA-8.jpeg\",\"width\":1440,\"height\":961,\"caption\":\"Villa Drossa - Maison de vacances\"},{\"@type\":\"BreadcrumbList\",\"@id\":\"https:\\\/\\\/villadrossa.com\\\/#breadcrumb\",\"itemListElement\":[{\"@type\":\"ListItem\",\"position\":1,\"name\":\"Accueil\",\"item\":\"https:\\\/\\\/villadrossa.com\\\/\"},{\"@type\":\"ListItem\",\"position\":2,\"name\":\"Villa Drossa\"}]},{\"@type\":\"WebSite\",\"@id\":\"https:\\\/\\\/villadrossa.com\\\/#website\",\"url\":\"https:\\\/\\\/villadrossa.com\\\/\",\"name\":\"Villa Drossa - Location de vacances\",\"description\":\"Location saisonni\u00e8re \u00e0 Saint-R\u00e9my de Provence\",\"publisher\":{\"@id\":\"https:\\\/\\\/villadrossa.com\\\/#organization\"},\"potentialAction\":[{\"@type\":\"SearchAction\",\"target\":{\"@type\":\"EntryPoint\",\"urlTemplate\":\"https:\\\/\\\/villadrossa.com\\\/?s={search_term_string}\"},\"query-input\":{\"@type\":\"PropertyValueSpecification\",\"valueRequired\":true,\"valueName\":\"search_term_string\"}}],\"inLanguage\":\"nl-NL\"},{\"@type\":\"Organization\",\"@id\":\"https:\\\/\\\/villadrossa.com\\\/#organization\",\"name\":\"Villa Drossa\",\"url\":\"https:\\\/\\\/villadrossa.com\\\/\",\"logo\":{\"@type\":\"ImageObject\",\"inLanguage\":\"nl-NL\",\"@id\":\"https:\\\/\\\/villadrossa.com\\\/#\\\/schema\\\/logo\\\/image\\\/\",\"url\":\"https:\\\/\\\/villadrossa.com\\\/wp-content\\\/uploads\\\/2021\\\/05\\\/Logo-Villa-Drossa-vectorise.png\",\"contentUrl\":\"https:\\\/\\\/villadrossa.com\\\/wp-content\\\/uploads\\\/2021\\\/05\\\/Logo-Villa-Drossa-vectorise.png\",\"width\":417,\"height\":290,\"caption\":\"Villa Drossa\"},\"image\":{\"@id\":\"https:\\\/\\\/villadrossa.com\\\/#\\\/schema\\\/logo\\\/image\\\/\"},\"sameAs\":[\"https:\\\/\\\/www.facebook.com\\\/search\\\/top?q=villa drossa\",\"https:\\\/\\\/www.instagram.com\\\/villa_drossa\\\/\",\"https:\\\/\\\/www.youtube.com\\\/watch?v=KYQe36vpk_Q\"]}]}<\/script>\n<!-- \/ Yoast SEO plugin. -->","yoast_head_json":{"title":"Villa Drossa - Vakantieverhuur in Saint-R\u00e9my de Provence","description":"Villa Drossa - Vakantiewoningen - Ontdek onze vakantiewoningen in Saint-R\u00e9my de Provence - Conci\u00ebrgeservice en activiteiten","robots":{"index":"index","follow":"follow","max-snippet":"max-snippet:-1","max-image-preview":"max-image-preview:large","max-video-preview":"max-video-preview:-1"},"canonical":"https:\/\/villadrossa.com\/nl\/","og_locale":"nl_NL","og_type":"article","og_title":"Villa Drossa","og_description":"Villa Drossa - Location de vacances &#8226; D\u00e9couvrez nos biens en location saisonni\u00e8re \u00e0 Saint-R\u00e9my de Provence &#8226; Conciergerie et activit\u00e9s","og_url":"https:\/\/villadrossa.com\/nl\/","og_site_name":"Villa Drossa - Location de vacances","article_publisher":"https:\/\/www.facebook.com\/search\/top?q=villa%20drossa","article_modified_time":"2024-03-27T11:57:21+00:00","og_image":[{"width":1242,"height":825,"url":"https:\/\/villadrossa.com\/wp-content\/uploads\/2024\/03\/IMG_0680.jpg","type":"image\/jpeg"}],"twitter_card":"summary_large_image","twitter_misc":{"Geschatte leestijd":"3 minuten"},"schema":{"@context":"https:\/\/schema.org","@graph":[{"@type":"WebPage","@id":"https:\/\/villadrossa.com\/","url":"https:\/\/villadrossa.com\/","name":"Villa Drossa - Vakantieverhuur in Saint-R\u00e9my de Provence","isPartOf":{"@id":"https:\/\/villadrossa.com\/#website"},"primaryImageOfPage":{"@id":"https:\/\/villadrossa.com\/#primaryimage"},"image":{"@id":"https:\/\/villadrossa.com\/#primaryimage"},"thumbnailUrl":"https:\/\/villadrossa.com\/wp-content\/uploads\/2021\/05\/VILLA-DROSSA-8.jpeg","datePublished":"2021-04-20T13:36:20+00:00","dateModified":"2024-03-27T11:57:21+00:00","description":"Villa Drossa - Vakantiewoningen - Ontdek onze vakantiewoningen in Saint-R\u00e9my de Provence - Conci\u00ebrgeservice en activiteiten","breadcrumb":{"@id":"https:\/\/villadrossa.com\/#breadcrumb"},"inLanguage":"nl-NL","potentialAction":[{"@type":"ReadAction","target":["https:\/\/villadrossa.com\/"]}]},{"@type":"ImageObject","inLanguage":"nl-NL","@id":"https:\/\/villadrossa.com\/#primaryimage","url":"https:\/\/villadrossa.com\/wp-content\/uploads\/2021\/05\/VILLA-DROSSA-8.jpeg","contentUrl":"https:\/\/villadrossa.com\/wp-content\/uploads\/2021\/05\/VILLA-DROSSA-8.jpeg","width":1440,"height":961,"caption":"Villa Drossa - Maison de vacances"},{"@type":"BreadcrumbList","@id":"https:\/\/villadrossa.com\/#breadcrumb","itemListElement":[{"@type":"ListItem","position":1,"name":"Accueil","item":"https:\/\/villadrossa.com\/"},{"@type":"ListItem","position":2,"name":"Villa Drossa"}]},{"@type":"WebSite","@id":"https:\/\/villadrossa.com\/#website","url":"https:\/\/villadrossa.com\/","name":"Villa Drossa - Vakantieverhuur","description":"Vakantiewoning in Saint-R\u00e9my de Provence","publisher":{"@id":"https:\/\/villadrossa.com\/#organization"},"potentialAction":[{"@type":"SearchAction","target":{"@type":"EntryPoint","urlTemplate":"https:\/\/villadrossa.com\/?s={search_term_string}"},"query-input":{"@type":"PropertyValueSpecification","valueRequired":true,"valueName":"search_term_string"}}],"inLanguage":"nl-NL"},{"@type":"Organization","@id":"https:\/\/villadrossa.com\/#organization","name":"Villa Drossa","url":"https:\/\/villadrossa.com\/","logo":{"@type":"ImageObject","inLanguage":"nl-NL","@id":"https:\/\/villadrossa.com\/#\/schema\/logo\/image\/","url":"https:\/\/villadrossa.com\/wp-content\/uploads\/2021\/05\/Logo-Villa-Drossa-vectorise.png","contentUrl":"https:\/\/villadrossa.com\/wp-content\/uploads\/2021\/05\/Logo-Villa-Drossa-vectorise.png","width":417,"height":290,"caption":"Villa Drossa"},"image":{"@id":"https:\/\/villadrossa.com\/#\/schema\/logo\/image\/"},"sameAs":["https:\/\/www.facebook.com\/search\/top?q=villa drossa","https:\/\/www.instagram.com\/villa_drossa\/","https:\/\/www.youtube.com\/watch?v=KYQe36vpk_Q"]}]}},"_links":{"self":[{"href":"https:\/\/villadrossa.com\/nl\/wp-json\/wp\/v2\/pages\/8","targetHints":{"allow":["GET"]}}],"collection":[{"href":"https:\/\/villadrossa.com\/nl\/wp-json\/wp\/v2\/pages"}],"about":[{"href":"https:\/\/villadrossa.com\/nl\/wp-json\/wp\/v2\/types\/page"}],"author":[{"embeddable":true,"href":"https:\/\/villadrossa.com\/nl\/wp-json\/wp\/v2\/users\/2"}],"replies":[{"embeddable":true,"href":"https:\/\/villadrossa.com\/nl\/wp-json\/wp\/v2\/comments?post=8"}],"version-history":[{"count":2,"href":"https:\/\/villadrossa.com\/nl\/wp-json\/wp\/v2\/pages\/8\/revisions"}],"predecessor-version":[{"id":981,"href":"https:\/\/villadrossa.com\/nl\/wp-json\/wp\/v2\/pages\/8\/revisions\/981"}],"wp:featuredmedia":[{"embeddable":true,"href":"https:\/\/villadrossa.com\/nl\/wp-json\/wp\/v2\/media\/899"}],"wp:attachment":[{"href":"https:\/\/villadrossa.com\/nl\/wp-json\/wp\/v2\/media?parent=8"}],"curies":[{"name":"wp","href":"https:\/\/api.w.org\/{rel}","templated":true}]}}